{"id":475,"date":"2025-11-13T10:04:10","date_gmt":"2025-11-13T09:04:10","guid":{"rendered":"https:\/\/bombeosteknur.com\/?page_id=475"},"modified":"2025-11-13T10:11:26","modified_gmt":"2025-11-13T09:11:26","slug":"accesibilidad","status":"publish","type":"page","link":"https:\/\/bombeosteknur.com\/eu\/accesibilidad\/","title":{"rendered":"Erabilerraztasuna"},"content":{"rendered":"<div data-elementor-type=\"page\" data-elementor-id=\"475\" class=\"elementor elementor-475\" data-elementor-post-type=\"page\">\n\t\t\t\t\t\t<section class=\"elementor-section elementor-top-section elementor-element elementor-element-3f2de36e elementor-section-full_width elementor-section-content-middle elementor-section-height-default elementor-section-height-default\" data-id=\"3f2de36e\" data-element_type=\"section\" data-e-type=\"section\" id=\"info_section\" data-settings=\"{&quot;background_background&quot;:&quot;classic&quot;,&quot;background_motion_fx_motion_fx_mouse&quot;:&quot;yes&quot;,&quot;background_motion_fx_mouseTrack_effect&quot;:&quot;yes&quot;,&quot;background_motion_fx_mouseTrack_speed&quot;:{&quot;unit&quot;:&quot;px&quot;,&quot;size&quot;:0.4,&quot;sizes&quot;:[]}}\">\n\t\t\t\t\t\t<div class=\"elementor-container elementor-column-gap-no\">\n\t\t\t\t\t<div class=\"elementor-column elementor-col-100 elementor-top-column elementor-element elementor-element-771a88e5\" data-id=\"771a88e5\" data-element_type=\"column\" data-e-type=\"column\">\n\t\t\t<div class=\"elementor-widget-wrap elementor-element-populated\">\n\t\t\t\t\t\t<section class=\"elementor-section elementor-inner-section elementor-element elementor-element-4bb8ce47 elementor-section-content-middle elementor-reverse-tablet elementor-reverse-mobile elementor-section-boxed elementor-section-height-default elementor-section-height-default\" data-id=\"4bb8ce47\" data-element_type=\"section\" data-e-type=\"section\">\n\t\t\t\t\t\t<div class=\"elementor-container elementor-column-gap-no\">\n\t\t\t\t\t<div class=\"elementor-column elementor-col-100 elementor-inner-column elementor-element elementor-element-3e5fa287\" data-id=\"3e5fa287\" data-element_type=\"column\" data-e-type=\"column\">\n\t\t\t<div class=\"elementor-widget-wrap elementor-element-populated\">\n\t\t\t\t\t\t<div class=\"elementor-element elementor-element-5d2fd394 elementor-widget elementor-widget-heading\" data-id=\"5d2fd394\" data-element_type=\"widget\" data-e-type=\"widget\" data-widget_type=\"heading.default\">\n\t\t\t\t<div class=\"elementor-widget-container\">\n\t\t\t\t\t<h1 class=\"elementor-heading-title elementor-size-default\">Erabilerraztasuna<\/h1>\t\t\t\t<\/div>\n\t\t\t\t<\/div>\n\t\t\t\t\t<\/div>\n\t\t<\/div>\n\t\t\t\t\t<\/div>\n\t\t<\/section>\n\t\t\t\t<div class=\"elementor-element elementor-element-5f3e047b elementor-widget__width-initial elementor-widget-tablet__width-initial elementor-absolute elementor-widget elementor-widget-spacer\" data-id=\"5f3e047b\" data-element_type=\"widget\" data-e-type=\"widget\" data-settings=\"{&quot;_position&quot;:&quot;absolute&quot;}\" data-widget_type=\"spacer.default\">\n\t\t\t\t<div class=\"elementor-widget-container\">\n\t\t\t\t\t\t\t<div class=\"elementor-spacer\">\n\t\t\t<div class=\"elementor-spacer-inner\"><\/div>\n\t\t<\/div>\n\t\t\t\t\t\t<\/div>\n\t\t\t\t<\/div>\n\t\t\t\t\t<\/div>\n\t\t<\/div>\n\t\t\t\t\t<\/div>\n\t\t<\/section>\n\t\t\t\t<section class=\"elementor-section elementor-top-section elementor-element elementor-element-b2ea957 elementor-section-boxed elementor-section-height-default elementor-section-height-default\" data-id=\"b2ea957\" data-element_type=\"section\" data-e-type=\"section\" data-settings=\"{&quot;background_background&quot;:&quot;classic&quot;}\">\n\t\t\t\t\t\t<div class=\"elementor-container elementor-column-gap-default\">\n\t\t\t\t\t<div class=\"elementor-column elementor-col-100 elementor-top-column elementor-element elementor-element-b67d92d\" data-id=\"b67d92d\" data-element_type=\"column\" data-e-type=\"column\">\n\t\t\t<div class=\"elementor-widget-wrap elementor-element-populated\">\n\t\t\t\t\t\t<section class=\"elementor-section elementor-inner-section elementor-element elementor-element-bd3f7fe elementor-section-boxed elementor-section-height-default elementor-section-height-default elementor-invisible\" data-id=\"bd3f7fe\" data-element_type=\"section\" data-e-type=\"section\" data-settings=\"{&quot;animation&quot;:&quot;fadeInUp&quot;}\">\n\t\t\t\t\t\t<div class=\"elementor-container elementor-column-gap-no\">\n\t\t\t\t\t<div class=\"elementor-column elementor-col-100 elementor-inner-column elementor-element elementor-element-6d6547a\" data-id=\"6d6547a\" data-element_type=\"column\" data-e-type=\"column\">\n\t\t\t<div class=\"elementor-widget-wrap elementor-element-populated\">\n\t\t\t\t\t\t<div class=\"elementor-element elementor-element-d2703a7 elementor-widget elementor-widget-text-editor\" data-id=\"d2703a7\" data-element_type=\"widget\" data-e-type=\"widget\" data-widget_type=\"text-editor.default\">\n\t\t\t\t<div class=\"elementor-widget-container\">\n\t\t\t\t\t\t\t\t\t<h1><b>ACCESIBILIDAD<\/b><\/h1><p><b>Bombeos TEKNUR<\/b>\u00a0se ha comprometido a hacer accesible su sitio web, de conformidad con el\u00a0<a href=\"https:\/\/www.boe.es\/diario_boe\/txt.php?id=BOE-A-2018-12699\" target=\"_blank\" rel=\"noopener\">Real Decreto 1112\/2018, de 7 de septiembre, sobre accesibilidad de los sitios web y aplicaciones para dispositivos m\u00f3viles del sector p\u00fablico.<\/a><\/p><p>La presente declaraci\u00f3n de accesibilidad se aplica al sitio web\u00a0<b>https:\/\/bombeosteknur.com\/<\/b><\/p><h2>Situaci\u00f3n de cumplimiento<\/h2><p>Este sitio web es parcialmente conforme con el\u00a0<a href=\"https:\/\/www.boe.es\/diario_boe\/txt.php?id=BOE-A-2018-12699\" target=\"_blank\" rel=\"noopener\">RD 1112\/2018<\/a>.<\/p><h2>Preparaci\u00f3n para la siguiente declaraci\u00f3n de accesibilidad<\/h2><p>La presente declaraci\u00f3n fue preparada el <b>13<\/b><b>\u00a0de octubre<\/b><b>\u00a0de 2025.<\/b><\/p><p>El m\u00e9todo empleado para preparar la declaraci\u00f3n ha sido una autoevaluaci\u00f3n llevada a cabo por el propio organismo.<\/p><p>Observaciones y datos de contacto<\/p><p>Puede realizar comunicaciones sobre requisitos de accesibilidad (art\u00edculo 10.2.a del RD 1112\/2018) como, por ejemplo:<\/p><ul><li><p>Informar sobre cualquier posible incumplimiento por parte de este sitio web<\/p><\/li><li><p>Transmitir otras dificultades de acceso al contenido<\/p><\/li><li><p>Formular cualquier otra consulta o sugerencia de mejora relativa a la accesibilidad del sitio web<\/p><\/li><\/ul><p>a trav\u00e9s del formulario de contacto de este sitio web o a trav\u00e9s del n\u00famero de tel\u00e9fono\u00a0<b>(+34) 698 918 477.<\/b><\/p><p>Puede presentar:<\/p><ul><li><p>Queja relativa al cumplimiento de los requisitos del RD 1112\/2018 o<\/p><\/li><li><p>Solicitud de Informaci\u00f3n accesible relativa a:<\/p><ul><li><p>Contenidos que est\u00e1n excluidos del \u00e1mbito de aplicaci\u00f3n del RD 1112\/2018 seg\u00fan lo establecido por el art\u00edculo 3, apartado 4<\/p><\/li><li><p>Contenidos que est\u00e1n exentos del cumplimiento de los requisitos de accesibilidad por imponer una carga desproporcionada<\/p><\/li><\/ul><\/li><\/ul><p>En la Solicitud de informaci\u00f3n accesible, se debe concretar, con toda claridad, los hechos, razones y petici\u00f3n que permitan constatar que se trata de una solicitud razonable y leg\u00edtima.<\/p><p>Las quejas y reclamaciones sobre informaci\u00f3n accesible se realizar\u00e1n a trav\u00e9s de la sede electr\u00f3nica (<b>https:\/\/bombeosteknur.com\/contacto\/<\/b>), y ser\u00e1n recibidas y tratadas por el \u00e1rea de Sistemas de la Informaci\u00f3n de <b>Bombeos TEKNUR.<\/b><\/p><h2>Contenido opcional<\/h2><p>Este portal est\u00e1 dise\u00f1ado para poder cambiar el tama\u00f1o del texto y el color, as\u00ed como el fondo de la p\u00e1gina mediante las opciones de configuraci\u00f3n est\u00e1ndar de los navegadores.<\/p><p>Si desea cambiar el tama\u00f1o de letra del texto en los principales navegadores gr\u00e1ficos utilice los siguientes men\u00fas:<\/p><ul><li><p>Internet Explorer, Mozilla y Firefox: Ver &gt; Tama\u00f1o del texto<\/p><\/li><li><p>Opera: Ver &gt; Zoom<\/p><\/li><li><p>Safari: Ver &gt; Hacer el texto m\u00e1s grande<\/p><\/li><li><p>Chrome: Controla la p\u00e1gina actual &gt; Tama\u00f1o del texto<\/p><\/li><li><p>Para modificar el tama\u00f1o de todo en la p\u00e1gina:<\/p><ul><li><p>Ctrl + + para aumentarlo<\/p><\/li><li><p>Ctrl + \u2013 para disminuirlo<\/p><\/li><li><p>Ctrl + 0 restaura el tama\u00f1o original del texto<\/p><\/li><li><p>Si lo que quiere es anular la hoja de estilos o modificar el color del texto, puede consultar la p\u00e1gina\u00a0<span lang=\"en-US\">How to Change Text Size or Colors de la WAI<\/span>, que se puede leer traducida al espa\u00f1ol en \u00bfC\u00f3mo cambiar el tama\u00f1o del texto o colores?<\/p><\/li><\/ul><\/li><\/ul>\t\t\t\t\t\t\t\t<\/div>\n\t\t\t\t<\/div>\n\t\t\t\t\t<\/div>\n\t\t<\/div>\n\t\t\t\t\t<\/div>\n\t\t<\/section>\n\t\t\t\t\t<\/div>\n\t\t<\/div>\n\t\t\t\t\t<\/div>\n\t\t<\/section>\n\t\t\t\t<\/div>","protected":false},"excerpt":{"rendered":"<p>ACCESIBILIDAD Bombeos TEKNUR\u00a0se ha comprometido a hacer accesible su sitio web, de conformidad con el\u00a0Real Decreto 1112\/2018, de 7 de septiembre, sobre accesibilidad de los sitios web y aplicaciones para dispositivos m\u00f3viles del sector p\u00fablico. La presente declaraci\u00f3n de accesibilidad se aplica al sitio web\u00a0https:\/\/bombeosteknur.com\/ Situaci\u00f3n de cumplimiento Este sitio web es parcialmente conforme con [&hellip;]<\/p>\n","protected":false},"author":5,"featured_media":0,"parent":0,"menu_order":0,"comment_status":"closed","ping_status":"closed","template":"elementor_header_footer","meta":{"site-sidebar-layout":"default","site-content-layout":"","ast-site-content-layout":"default","site-content-style":"default","site-sidebar-style":"default","ast-global-header-display":"","ast-banner-title-visibility":"","ast-main-header-display":"","ast-hfb-above-header-display":"","ast-hfb-below-header-display":"","ast-hfb-mobile-header-display":"","site-post-title":"","ast-breadcrumbs-content":"","ast-featured-img":"","footer-sml-layout":"","ast-disable-related-posts":"","theme-transparent-header-meta":"","adv-header-id-meta":"","stick-header-meta":"","header-above-stick-meta":"","header-main-stick-meta":"","header-below-stick-meta":"","astra-migrate-meta-layouts":"default","ast-page-background-enabled":"default","ast-page-background-meta":{"desktop":{"background-color":"var(--ast-global-color-4)","background-image":"","background-repeat":"repeat","background-position":"center center","background-size":"auto","background-attachment":"scroll","background-type":"","background-media":"","overlay-type":"","overlay-color":"","overlay-opacity":"","overlay-gradient":""},"tablet":{"background-color":"","background-image":"","background-repeat":"repeat","background-position":"center center","background-size":"auto","background-attachment":"scroll","background-type":"","background-media":"","overlay-type":"","overlay-color":"","overlay-opacity":"","overlay-gradient":""},"mobile":{"background-color":"","background-image":"","background-repeat":"repeat","background-position":"center center","background-size":"auto","background-attachment":"scroll","background-type":"","background-media":"","overlay-type":"","overlay-color":"","overlay-opacity":"","overlay-gradient":""}},"ast-content-background-meta":{"desktop":{"background-color":"var(--ast-global-color-5)","background-image":"","background-repeat":"repeat","background-position":"center center","background-size":"auto","background-attachment":"scroll","background-type":"","background-media":"","overlay-type":"","overlay-color":"","overlay-opacity":"","overlay-gradient":""},"tablet":{"background-color":"var(--ast-global-color-5)","background-image":"","background-repeat":"repeat","background-position":"center center","background-size":"auto","background-attachment":"scroll","background-type":"","background-media":"","overlay-type":"","overlay-color":"","overlay-opacity":"","overlay-gradient":""},"mobile":{"background-color":"var(--ast-global-color-5)","background-image":"","background-repeat":"repeat","background-position":"center center","background-size":"auto","background-attachment":"scroll","background-type":"","background-media":"","overlay-type":"","overlay-color":"","overlay-opacity":"","overlay-gradient":""}},"_themeisle_gutenberg_block_has_review":false,"_joinchat":[],"footnotes":""},"class_list":["post-475","page","type-page","status-publish","hentry"],"yoast_head":"<!-- This site is optimized with the Yoast SEO plugin v27.5 - https:\/\/yoast.com\/product\/yoast-seo-wordpress\/ -->\n<title>Accesibilidad - Bombeos Teknur<\/title>\n<meta name=\"robots\" content=\"index, follow, max-snippet:-1, max-image-preview:large, max-video-preview:-1\" \/>\n<link rel=\"canonical\" href=\"https:\/\/bombeosteknur.com\/eu\/accesibilidad\/\" \/>\n<meta property=\"og:locale\" content=\"en_US\" \/>\n<meta property=\"og:type\" content=\"article\" \/>\n<meta property=\"og:title\" content=\"Accesibilidad - Bombeos Teknur\" \/>\n<meta property=\"og:description\" content=\"ACCESIBILIDAD Bombeos TEKNUR\u00a0se ha comprometido a hacer accesible su sitio web, de conformidad con el\u00a0Real Decreto 1112\/2018, de 7 de septiembre, sobre accesibilidad de los sitios web y aplicaciones para dispositivos m\u00f3viles del sector p\u00fablico. La presente declaraci\u00f3n de accesibilidad se aplica al sitio web\u00a0https:\/\/bombeosteknur.com\/ Situaci\u00f3n de cumplimiento Este sitio web es parcialmente conforme con [&hellip;]\" \/>\n<meta property=\"og:url\" content=\"https:\/\/bombeosteknur.com\/eu\/accesibilidad\/\" \/>\n<meta property=\"og:site_name\" content=\"Bombeos Teknur\" \/>\n<meta property=\"article:modified_time\" content=\"2025-11-13T09:11:26+00:00\" \/>\n<meta name=\"twitter:card\" content=\"summary_large_image\" \/>\n<script type=\"application\/ld+json\" class=\"yoast-schema-graph\">{\"@context\":\"https:\\\/\\\/schema.org\",\"@graph\":[{\"@type\":\"WebPage\",\"@id\":\"https:\\\/\\\/bombeosteknur.com\\\/accesibilidad\\\/\",\"url\":\"https:\\\/\\\/bombeosteknur.com\\\/accesibilidad\\\/\",\"name\":\"Accesibilidad - Bombeos Teknur\",\"isPartOf\":{\"@id\":\"https:\\\/\\\/bombeosteknur.com\\\/#website\"},\"datePublished\":\"2025-11-13T09:04:10+00:00\",\"dateModified\":\"2025-11-13T09:11:26+00:00\",\"breadcrumb\":{\"@id\":\"https:\\\/\\\/bombeosteknur.com\\\/accesibilidad\\\/#breadcrumb\"},\"inLanguage\":\"eu\",\"potentialAction\":[{\"@type\":\"ReadAction\",\"target\":[\"https:\\\/\\\/bombeosteknur.com\\\/accesibilidad\\\/\"]}]},{\"@type\":\"BreadcrumbList\",\"@id\":\"https:\\\/\\\/bombeosteknur.com\\\/accesibilidad\\\/#breadcrumb\",\"itemListElement\":[{\"@type\":\"ListItem\",\"position\":1,\"name\":\"Portada\",\"item\":\"https:\\\/\\\/bombeosteknur.com\\\/\"},{\"@type\":\"ListItem\",\"position\":2,\"name\":\"Accesibilidad\"}]},{\"@type\":\"WebSite\",\"@id\":\"https:\\\/\\\/bombeosteknur.com\\\/#website\",\"url\":\"https:\\\/\\\/bombeosteknur.com\\\/\",\"name\":\"Bombeos TEKNUR\",\"description\":\"Teknur - Instalaci\u00f3n, reparaci\u00f3n y mantenimiento de bombas\",\"publisher\":{\"@id\":\"https:\\\/\\\/bombeosteknur.com\\\/#organization\"},\"potentialAction\":[{\"@type\":\"SearchAction\",\"target\":{\"@type\":\"EntryPoint\",\"urlTemplate\":\"https:\\\/\\\/bombeosteknur.com\\\/?s={search_term_string}\"},\"query-input\":{\"@type\":\"PropertyValueSpecification\",\"valueRequired\":true,\"valueName\":\"search_term_string\"}}],\"inLanguage\":\"eu\"},{\"@type\":\"Organization\",\"@id\":\"https:\\\/\\\/bombeosteknur.com\\\/#organization\",\"name\":\"Bombeos TEKNUR\",\"url\":\"https:\\\/\\\/bombeosteknur.com\\\/\",\"logo\":{\"@type\":\"ImageObject\",\"inLanguage\":\"eu\",\"@id\":\"https:\\\/\\\/bombeosteknur.com\\\/#\\\/schema\\\/logo\\\/image\\\/\",\"url\":\"https:\\\/\\\/bombeosteknur.com\\\/wp-content\\\/uploads\\\/2024\\\/10\\\/TEKNUR_9_300ppilogo.webp\",\"contentUrl\":\"https:\\\/\\\/bombeosteknur.com\\\/wp-content\\\/uploads\\\/2024\\\/10\\\/TEKNUR_9_300ppilogo.webp\",\"width\":500,\"height\":122,\"caption\":\"Bombeos TEKNUR\"},\"image\":{\"@id\":\"https:\\\/\\\/bombeosteknur.com\\\/#\\\/schema\\\/logo\\\/image\\\/\"}}]}<\/script>\n<!-- \/ Yoast SEO plugin. -->","yoast_head_json":{"title":"Accesibilidad - Bombeos Teknur","robots":{"index":"index","follow":"follow","max-snippet":"max-snippet:-1","max-image-preview":"max-image-preview:large","max-video-preview":"max-video-preview:-1"},"canonical":"https:\/\/bombeosteknur.com\/eu\/accesibilidad\/","og_locale":"en_US","og_type":"article","og_title":"Accesibilidad - Bombeos Teknur","og_description":"ACCESIBILIDAD Bombeos TEKNUR\u00a0se ha comprometido a hacer accesible su sitio web, de conformidad con el\u00a0Real Decreto 1112\/2018, de 7 de septiembre, sobre accesibilidad de los sitios web y aplicaciones para dispositivos m\u00f3viles del sector p\u00fablico. La presente declaraci\u00f3n de accesibilidad se aplica al sitio web\u00a0https:\/\/bombeosteknur.com\/ Situaci\u00f3n de cumplimiento Este sitio web es parcialmente conforme con [&hellip;]","og_url":"https:\/\/bombeosteknur.com\/eu\/accesibilidad\/","og_site_name":"Bombeos Teknur","article_modified_time":"2025-11-13T09:11:26+00:00","twitter_card":"summary_large_image","schema":{"@context":"https:\/\/schema.org","@graph":[{"@type":"WebPage","@id":"https:\/\/bombeosteknur.com\/accesibilidad\/","url":"https:\/\/bombeosteknur.com\/accesibilidad\/","name":"Accesibilidad - Bombeos Teknur","isPartOf":{"@id":"https:\/\/bombeosteknur.com\/#website"},"datePublished":"2025-11-13T09:04:10+00:00","dateModified":"2025-11-13T09:11:26+00:00","breadcrumb":{"@id":"https:\/\/bombeosteknur.com\/accesibilidad\/#breadcrumb"},"inLanguage":"eu","potentialAction":[{"@type":"ReadAction","target":["https:\/\/bombeosteknur.com\/accesibilidad\/"]}]},{"@type":"BreadcrumbList","@id":"https:\/\/bombeosteknur.com\/accesibilidad\/#breadcrumb","itemListElement":[{"@type":"ListItem","position":1,"name":"Portada","item":"https:\/\/bombeosteknur.com\/"},{"@type":"ListItem","position":2,"name":"Accesibilidad"}]},{"@type":"WebSite","@id":"https:\/\/bombeosteknur.com\/#website","url":"https:\/\/bombeosteknur.com\/","name":"Bombeos TEKNUR","description":"Teknur - Instalaci\u00f3n, reparaci\u00f3n y mantenimiento de bombas","publisher":{"@id":"https:\/\/bombeosteknur.com\/#organization"},"potentialAction":[{"@type":"SearchAction","target":{"@type":"EntryPoint","urlTemplate":"https:\/\/bombeosteknur.com\/?s={search_term_string}"},"query-input":{"@type":"PropertyValueSpecification","valueRequired":true,"valueName":"search_term_string"}}],"inLanguage":"eu"},{"@type":"Organization","@id":"https:\/\/bombeosteknur.com\/#organization","name":"Bombeos TEKNUR","url":"https:\/\/bombeosteknur.com\/","logo":{"@type":"ImageObject","inLanguage":"eu","@id":"https:\/\/bombeosteknur.com\/#\/schema\/logo\/image\/","url":"https:\/\/bombeosteknur.com\/wp-content\/uploads\/2024\/10\/TEKNUR_9_300ppilogo.webp","contentUrl":"https:\/\/bombeosteknur.com\/wp-content\/uploads\/2024\/10\/TEKNUR_9_300ppilogo.webp","width":500,"height":122,"caption":"Bombeos TEKNUR"},"image":{"@id":"https:\/\/bombeosteknur.com\/#\/schema\/logo\/image\/"}}]}},"_links":{"self":[{"href":"https:\/\/bombeosteknur.com\/eu\/wp-json\/wp\/v2\/pages\/475","targetHints":{"allow":["GET"]}}],"collection":[{"href":"https:\/\/bombeosteknur.com\/eu\/wp-json\/wp\/v2\/pages"}],"about":[{"href":"https:\/\/bombeosteknur.com\/eu\/wp-json\/wp\/v2\/types\/page"}],"author":[{"embeddable":true,"href":"https:\/\/bombeosteknur.com\/eu\/wp-json\/wp\/v2\/users\/5"}],"replies":[{"embeddable":true,"href":"https:\/\/bombeosteknur.com\/eu\/wp-json\/wp\/v2\/comments?post=475"}],"version-history":[{"count":10,"href":"https:\/\/bombeosteknur.com\/eu\/wp-json\/wp\/v2\/pages\/475\/revisions"}],"predecessor-version":[{"id":485,"href":"https:\/\/bombeosteknur.com\/eu\/wp-json\/wp\/v2\/pages\/475\/revisions\/485"}],"wp:attachment":[{"href":"https:\/\/bombeosteknur.com\/eu\/wp-json\/wp\/v2\/media?parent=475"}],"curies":[{"name":"wp","href":"https:\/\/api.w.org\/{rel}","templated":true}]}}